{"id":64,"date":"2025-06-02T04:51:00","date_gmt":"2025-06-02T04:51:00","guid":{"rendered":"https:\/\/roasty-toasty.com\/?page_id=64"},"modified":"2025-06-02T04:51:00","modified_gmt":"2025-06-02T04:51:00","slug":"menu-2","status":"publish","type":"page","link":"http:\/\/roasty-toasty.com\/index.php\/menu-2\/","title":{"rendered":"Menu"},"content":{"rendered":"<p>[et_pb_section fb_built=&#8221;1&#8243; admin_label=&#8221;Menu&#8221; _builder_version=&#8221;4.16&#8243; hover_enabled=&#8221;0&#8243; locked=&#8221;off&#8221; collapsed=&#8221;on&#8221; global_colors_info=&#8221;{}&#8221;][et_pb_row _builder_version=&#8221;4.27.0&#8243; hover_enabled=&#8221;0&#8243; locked=&#8221;off&#8221; global_colors_info=&#8221;{}&#8221;][et_pb_column type=&#8221;4_4&#8243; saved_specialty_column_type=&#8221;2_3&#8243; _builder_version=&#8221;4.16&#8243; hover_enabled=&#8221;0&#8243; global_colors_info=&#8221;{}&#8221;][et_pb_heading title=&#8221;Menu&#8221; _builder_version=&#8221;4.27.0&#8243; _module_preset=&#8221;ddeb8c09-9078-4424-bc15-2efb6572e28e&#8221; custom_margin=&#8221;||10px||false|false&#8221; hover_enabled=&#8221;0&#8243; global_colors_info=&#8221;{}&#8221;][\/et_pb_heading][\/et_pb_column][\/et_pb_row][et_pb_row column_structure=&#8221;1_2,1_2&#8243; _builder_version=&#8221;4.27.0&#8243; hover_enabled=&#8221;0&#8243; global_colors_info=&#8221;{}&#8221;][et_pb_column type=&#8221;1_2&#8243; _builder_version=&#8221;4.16&#8243; hover_enabled=&#8221;0&#8243; global_colors_info=&#8221;{}&#8221;][et_pb_icon font_icon=&#8221;&#xf2e7;||fa||900&#8243; align=&#8221;left&#8221; _builder_version=&#8221;4.27.0&#8243; _module_preset=&#8221;a455802f-564e-4f15-88dd-359c1d44baa5&#8243; hover_enabled=&#8221;0&#8243; global_colors_info=&#8221;{}&#8221;][\/et_pb_icon][et_pb_heading title=&#8221;Brunch&#8221; _builder_version=&#8221;4.27.0&#8243; _module_preset=&#8221;f36da15a-08ca-48fc-aa5c-741dee51da95&#8243; hover_enabled=&#8221;0&#8243; border_color_all=&#8221;gcid-beb2c95b-3a59-4769-93ca-ebc39d60c20d&#8221; border_width_bottom=&#8221;1px&#8221; global_colors_info=&#8221;{%22gcid-beb2c95b-3a59-4769-93ca-ebc39d60c20d%22:%91%22border_color_all%22%93}&#8221;][\/et_pb_heading][et_pb_blurb title=&#8221;Avocado Toast \/ 14&#8243; icon_placement=&#8221;top&#8221; _builder_version=&#8221;4.27.0&#8243; _module_preset=&#8221;aa9edfbd-907b-4aef-a760-8d92f6afb96e&#8221; hover_enabled=&#8221;0&#8243; global_colors_info=&#8221;{}&#8221;]Smashed avocado on sourdough, topped with poached eggs, radishes, and microgreens.[\/et_pb_blurb][et_pb_blurb title=&#8221;Eggs Benedict \/ 16&#8243; icon_placement=&#8221;top&#8221; _builder_version=&#8221;4.27.0&#8243; _module_preset=&#8221;aa9edfbd-907b-4aef-a760-8d92f6afb96e&#8221; hover_enabled=&#8221;0&#8243; global_colors_info=&#8221;{}&#8221;]Classic eggs Benedict with smoked salmon, served on a toasted English muffin with hollandaise sauce.[\/et_pb_blurb][et_pb_blurb title=&#8221;Ricotta Pancakes \/ 15&#8243; icon_placement=&#8221;top&#8221; _builder_version=&#8221;4.27.0&#8243; _module_preset=&#8221;aa9edfbd-907b-4aef-a760-8d92f6afb96e&#8221; hover_enabled=&#8221;0&#8243; global_colors_info=&#8221;{}&#8221;]Fluffy pancakes topped with seasonal berries, a dollop of ricotta, and a drizzle of honey.[\/et_pb_blurb][et_pb_blurb title=&#8221;Shakshuka \/ 17&#8243; icon_placement=&#8221;top&#8221; _builder_version=&#8221;4.27.0&#8243; _module_preset=&#8221;aa9edfbd-907b-4aef-a760-8d92f6afb96e&#8221; hover_enabled=&#8221;0&#8243; global_colors_info=&#8221;{}&#8221;]Spiced tomato and bell pepper stew with poached eggs, served with crusty bread.[\/et_pb_blurb][et_pb_blurb title=&#8221;Bistro Omelette \/ 13&#8243; icon_placement=&#8221;top&#8221; _builder_version=&#8221;4.27.0&#8243; _module_preset=&#8221;aa9edfbd-907b-4aef-a760-8d92f6afb96e&#8221; hover_enabled=&#8221;0&#8243; global_colors_info=&#8221;{}&#8221;]Three-egg omelette with goat cheese, spinach, and sun-dried tomatoes, served with mixed greens.[\/et_pb_blurb][\/et_pb_column][et_pb_column type=&#8221;1_2&#8243; _builder_version=&#8221;4.16&#8243; hover_enabled=&#8221;0&#8243; global_colors_info=&#8221;{}&#8221;][et_pb_icon font_icon=&#8221;&#xf805;||fa||900&#8243; align=&#8221;left&#8221; _builder_version=&#8221;4.27.0&#8243; _module_preset=&#8221;a455802f-564e-4f15-88dd-359c1d44baa5&#8243; hover_enabled=&#8221;0&#8243; global_colors_info=&#8221;{}&#8221;][\/et_pb_icon][et_pb_heading title=&#8221;Lunch&#8221; _builder_version=&#8221;4.27.0&#8243; _module_preset=&#8221;f36da15a-08ca-48fc-aa5c-741dee51da95&#8243; hover_enabled=&#8221;0&#8243; border_color_all=&#8221;gcid-beb2c95b-3a59-4769-93ca-ebc39d60c20d&#8221; border_width_bottom=&#8221;1px&#8221; global_colors_info=&#8221;{%22gcid-beb2c95b-3a59-4769-93ca-ebc39d60c20d%22:%91%22border_color_all%22%93}&#8221;][\/et_pb_heading][et_pb_blurb title=&#8221;Grilled Chicken Sandwich \/ 18&#8243; icon_placement=&#8221;top&#8221; _builder_version=&#8221;4.27.0&#8243; _module_preset=&#8221;aa9edfbd-907b-4aef-a760-8d92f6afb96e&#8221; hover_enabled=&#8221;0&#8243; locked=&#8221;off&#8221; global_colors_info=&#8221;{}&#8221;]Grilled chicken breast, avocado, bacon, and aioli on a ciabatta roll, served with sweet potato fries.[\/et_pb_blurb][et_pb_blurb title=&#8221;Caesar Salad \/ 14&#8243; icon_placement=&#8221;top&#8221; _builder_version=&#8221;4.27.0&#8243; _module_preset=&#8221;aa9edfbd-907b-4aef-a760-8d92f6afb96e&#8221; hover_enabled=&#8221;0&#8243; locked=&#8221;off&#8221; global_colors_info=&#8221;{}&#8221;]Crisp romaine lettuce, parmesan cheese, and croutons, with a creamy Caesar dressing. Add grilled shrimp for $6.[\/et_pb_blurb][et_pb_blurb title=&#8221;Quinoa Bowl \/ 16&#8243; icon_placement=&#8221;top&#8221; _builder_version=&#8221;4.27.0&#8243; _module_preset=&#8221;aa9edfbd-907b-4aef-a760-8d92f6afb96e&#8221; hover_enabled=&#8221;0&#8243; locked=&#8221;off&#8221; global_colors_info=&#8221;{}&#8221;]A nourishing bowl of quinoa, roasted vegetables, chickpeas, and tahini dressing.[\/et_pb_blurb][et_pb_blurb title=&#8221;Mushroom Risotto \/ 20&#8243; icon_placement=&#8221;top&#8221; _builder_version=&#8221;4.27.0&#8243; _module_preset=&#8221;aa9edfbd-907b-4aef-a760-8d92f6afb96e&#8221; hover_enabled=&#8221;0&#8243; locked=&#8221;off&#8221; global_colors_info=&#8221;{}&#8221;]Creamy arborio rice with wild mushrooms, parmesan cheese, and a hint of truffle oil.[\/et_pb_blurb][et_pb_blurb title=&#8221;Steak Frites \/ 28&#8243; icon_placement=&#8221;top&#8221; _builder_version=&#8221;4.27.0&#8243; _module_preset=&#8221;aa9edfbd-907b-4aef-a760-8d92f6afb96e&#8221; hover_enabled=&#8221;0&#8243; locked=&#8221;off&#8221; global_colors_info=&#8221;{}&#8221;]Grilled hanger steak served with garlic herb butter and a side of crispy fries.[\/et_pb_blurb][\/et_pb_column][\/et_pb_row][et_pb_row column_structure=&#8221;1_2,1_2&#8243; _builder_version=&#8221;4.27.0&#8243; hover_enabled=&#8221;0&#8243; global_colors_info=&#8221;{}&#8221;][et_pb_column type=&#8221;1_2&#8243; _builder_version=&#8221;4.16&#8243; hover_enabled=&#8221;0&#8243; global_colors_info=&#8221;{}&#8221;][et_pb_icon font_icon=&#8221;&#xf818;||fa||900&#8243; align=&#8221;left&#8221; _builder_version=&#8221;4.27.0&#8243; _module_preset=&#8221;a455802f-564e-4f15-88dd-359c1d44baa5&#8243; hover_enabled=&#8221;0&#8243; global_colors_info=&#8221;{}&#8221;][\/et_pb_icon][et_pb_heading title=&#8221;Dinner&#8221; _builder_version=&#8221;4.27.0&#8243; _module_preset=&#8221;f36da15a-08ca-48fc-aa5c-741dee51da95&#8243; hover_enabled=&#8221;0&#8243; border_color_all=&#8221;gcid-beb2c95b-3a59-4769-93ca-ebc39d60c20d&#8221; border_width_bottom=&#8221;1px&#8221; global_colors_info=&#8221;{%22gcid-beb2c95b-3a59-4769-93ca-ebc39d60c20d%22:%91%22border_color_all%22%93}&#8221;][\/et_pb_heading][et_pb_blurb title=&#8221;Coq au Vin \/ 26&#8243; icon_placement=&#8221;top&#8221; _builder_version=&#8221;4.27.0&#8243; _module_preset=&#8221;aa9edfbd-907b-4aef-a760-8d92f6afb96e&#8221; hover_enabled=&#8221;0&#8243; global_colors_info=&#8221;{}&#8221;]Classic French dish of chicken braised in red wine with mushrooms, onions, and bacon, served with mashed potatoes.[\/et_pb_blurb][et_pb_blurb title=&#8221;Seared Scallops \/ 32&#8243; icon_placement=&#8221;top&#8221; _builder_version=&#8221;4.27.0&#8243; _module_preset=&#8221;aa9edfbd-907b-4aef-a760-8d92f6afb96e&#8221; hover_enabled=&#8221;0&#8243; global_colors_info=&#8221;{}&#8221;]Pan-seared scallops with a cauliflower puree, wilted spinach, and a citrus beurre blanc.[\/et_pb_blurb][et_pb_blurb title=&#8221;Duck Confit \/ 30&#8243; icon_placement=&#8221;top&#8221; _builder_version=&#8221;4.27.0&#8243; _module_preset=&#8221;aa9edfbd-907b-4aef-a760-8d92f6afb96e&#8221; hover_enabled=&#8221;0&#8243; global_colors_info=&#8221;{}&#8221;]Slow-cooked duck leg with a crispy skin, served with roasted fingerling potatoes and a cherry gastrique.[\/et_pb_blurb][et_pb_blurb title=&#8221;Lamb Shank \/ 34&#8243; icon_placement=&#8221;top&#8221; _builder_version=&#8221;4.27.0&#8243; _module_preset=&#8221;aa9edfbd-907b-4aef-a760-8d92f6afb96e&#8221; hover_enabled=&#8221;0&#8243; global_colors_info=&#8221;{}&#8221;]Braised lamb shank with root vegetables and a rosemary red wine reduction, served over polenta.[\/et_pb_blurb][et_pb_blurb title=&#8221;Vegetable Tagine \/ 22&#8243; icon_placement=&#8221;top&#8221; _builder_version=&#8221;4.27.0&#8243; _module_preset=&#8221;aa9edfbd-907b-4aef-a760-8d92f6afb96e&#8221; hover_enabled=&#8221;0&#8243; global_colors_info=&#8221;{}&#8221;]Moroccan-spiced stew with seasonal vegetables, dried apricots, and almonds, served with couscous.[\/et_pb_blurb][\/et_pb_column][et_pb_column type=&#8221;1_2&#8243; _builder_version=&#8221;4.16&#8243; hover_enabled=&#8221;0&#8243; global_colors_info=&#8221;{}&#8221;][et_pb_icon font_icon=&#8221;&#xf810;||fa||900&#8243; align=&#8221;left&#8221; _builder_version=&#8221;4.27.0&#8243; _module_preset=&#8221;a455802f-564e-4f15-88dd-359c1d44baa5&#8243; hover_enabled=&#8221;0&#8243; global_colors_info=&#8221;{}&#8221;][\/et_pb_icon][et_pb_heading title=&#8221;Dessert&#8221; _builder_version=&#8221;4.27.0&#8243; _module_preset=&#8221;f36da15a-08ca-48fc-aa5c-741dee51da95&#8243; hover_enabled=&#8221;0&#8243; border_color_all=&#8221;gcid-beb2c95b-3a59-4769-93ca-ebc39d60c20d&#8221; border_width_bottom=&#8221;1px&#8221; global_colors_info=&#8221;{%22gcid-beb2c95b-3a59-4769-93ca-ebc39d60c20d%22:%91%22border_color_all%22%93}&#8221;][\/et_pb_heading][et_pb_blurb title=&#8221;Cr\u00e8me Br\u00fbl\u00e9e \/ 10&#8243; icon_placement=&#8221;top&#8221; _builder_version=&#8221;4.27.0&#8243; _module_preset=&#8221;aa9edfbd-907b-4aef-a760-8d92f6afb96e&#8221; hover_enabled=&#8221;0&#8243; locked=&#8221;off&#8221; global_colors_info=&#8221;{}&#8221;]Classic vanilla custard with a caramelized sugar top.[\/et_pb_blurb][et_pb_blurb title=&#8221;Chocolate Fondant \/ 12&#8243; icon_placement=&#8221;top&#8221; _builder_version=&#8221;4.27.0&#8243; _module_preset=&#8221;aa9edfbd-907b-4aef-a760-8d92f6afb96e&#8221; hover_enabled=&#8221;0&#8243; locked=&#8221;off&#8221; global_colors_info=&#8221;{}&#8221;]Warm, gooey-centered chocolate cake served with vanilla ice cream.[\/et_pb_blurb][et_pb_blurb title=&#8221;Lemon Tart \/ 9&#8243; icon_placement=&#8221;top&#8221; _builder_version=&#8221;4.27.0&#8243; _module_preset=&#8221;aa9edfbd-907b-4aef-a760-8d92f6afb96e&#8221; hover_enabled=&#8221;0&#8243; locked=&#8221;off&#8221; global_colors_info=&#8221;{}&#8221;]Tangy lemon curd in a buttery pastry shell, topped with fresh berries.[\/et_pb_blurb][et_pb_blurb title=&#8221;Cheesecake \/ 11&#8243; icon_placement=&#8221;top&#8221; _builder_version=&#8221;4.27.0&#8243; _module_preset=&#8221;aa9edfbd-907b-4aef-a760-8d92f6afb96e&#8221; hover_enabled=&#8221;0&#8243; locked=&#8221;off&#8221; global_colors_info=&#8221;{}&#8221;]New York-style cheesecake with a graham cracker crust, served with a raspberry coulis.[\/et_pb_blurb][et_pb_blurb title=&#8221;Pistachio Gelato \/ 8&#8243; icon_placement=&#8221;top&#8221; _builder_version=&#8221;4.27.0&#8243; _module_preset=&#8221;aa9edfbd-907b-4aef-a760-8d92f6afb96e&#8221; hover_enabled=&#8221;0&#8243; locked=&#8221;off&#8221; global_colors_info=&#8221;{}&#8221;]Creamy pistachio gelato served with a biscotti on the side.[\/et_pb_blurb][\/et_pb_column][\/et_pb_row][\/et_pb_section]<\/p>\n","protected":false},"excerpt":{"rendered":"<p>Smashed avocado on sourdough, topped with poached eggs, radishes, and microgreens.Classic eggs Benedict with smoked salmon, served on a toasted English muffin with hollandaise sauce.Fluffy pancakes topped with seasonal berries, a dollop of ricotta, and a drizzle of honey.Spiced tomato and bell pepper stew with poached eggs, served with crusty bread.Three-egg omelette with goat cheese, [&hellip;]<\/p>\n","protected":false},"author":1,"featured_media":0,"parent":0,"menu_order":0,"comment_status":"closed","ping_status":"closed","template":"","meta":{"_et_pb_use_builder":"on","_et_pb_old_content":"","_et_gb_content_width":"","footnotes":""},"class_list":["post-64","page","type-page","status-publish","hentry"],"_links":{"self":[{"href":"http:\/\/roasty-toasty.com\/index.php\/wp-json\/wp\/v2\/pages\/64","targetHints":{"allow":["GET"]}}],"collection":[{"href":"http:\/\/roasty-toasty.com\/index.php\/wp-json\/wp\/v2\/pages"}],"about":[{"href":"http:\/\/roasty-toasty.com\/index.php\/wp-json\/wp\/v2\/types\/page"}],"author":[{"embeddable":true,"href":"http:\/\/roasty-toasty.com\/index.php\/wp-json\/wp\/v2\/users\/1"}],"replies":[{"embeddable":true,"href":"http:\/\/roasty-toasty.com\/index.php\/wp-json\/wp\/v2\/comments?post=64"}],"version-history":[{"count":1,"href":"http:\/\/roasty-toasty.com\/index.php\/wp-json\/wp\/v2\/pages\/64\/revisions"}],"predecessor-version":[{"id":79,"href":"http:\/\/roasty-toasty.com\/index.php\/wp-json\/wp\/v2\/pages\/64\/revisions\/79"}],"wp:attachment":[{"href":"http:\/\/roasty-toasty.com\/index.php\/wp-json\/wp\/v2\/media?parent=64"}],"curies":[{"name":"wp","href":"https:\/\/api.w.org\/{rel}","templated":true}]}}